{"id":634,"date":"2016-11-28T21:42:03","date_gmt":"2016-11-28T19:42:03","guid":{"rendered":"http:\/\/www.aphroditehotel.gr\/tr\/?page_id=634"},"modified":"2016-11-28T21:42:03","modified_gmt":"2016-11-28T19:42:03","slug":"bati-lesvos","status":"publish","type":"page","link":"https:\/\/www.aphroditehotel.gr\/tr\/bati-lesvos\/","title":{"rendered":"Bat\u0131 Lesvos"},"content":{"rendered":"<div class=\"wpb-content-wrapper\">[vc_row][vc_column width=&#8221;1\/2&#8243;][vc_column_text]\n<p style=\"text-align: justify;\">Adan\u0131n bat\u0131 b\u00f6lgesinde geleneksel mimarisi \u00e7ok iyi korunmu\u015f Vatousa ve 300 metre y\u00fckseklikte ormanl\u0131k bir tepeye yerle\u015fik Antissa k\u00f6ylerini g\u00f6receksiniz. Gavatas ise ayn\u0131 k\u00f6y\u00fcn liman\u0131d\u0131r. Ordimnos Da\u011f\u0131\u2019 n\u0131n zirvesinde Ipsilou Manast\u0131r\u0131 y\u00fckselir.<\/p>\n<p style=\"text-align: justify;\">Manast\u0131r kilisesinde nadir ikonalar ve \u00e7ok de\u011ferli dini e\u015fyalar muhafaza edilmektedir. Lesvos\u2019un en bat\u0131 ucunda k\u00fc\u00e7\u00fck kalesi ile \u00f6zg\u00fcn bal\u0131k\u00e7\u0131 k\u00f6y\u00fc Sigri sizleri selamlar. Sigri \u2013 Eresos \u2013 Antissa \u00fc\u00e7geninde korunma alt\u0131na al\u0131nan, do\u011fa harikas\u0131 Lesvos Fosille\u015fmi\u015f Orman\u0131 da uzanmaktad\u0131r.<\/p>\n<p style=\"text-align: justify;\">Eresos beldesi de manevi gelenekselli\u011fi ve arkeolojik kal\u0131nt\u0131lar\u0131 ile g\u00f6r\u00fclmeye de\u011fer bir ba\u015fka yer bu b\u00f6lgede..4 kilometre ileride Skala Eresos ise sonsuz kumsal\u0131 ve organize turistik alt yap\u0131s\u0131 ile tatil yaparak dinlenmek isteyenler i\u00e7in ideal bir se\u00e7enek\u2026<\/p>\n<p style=\"text-align: justify;\">Eresos tarihi ve do\u011fal g\u00fczellikleriyle \u00fcnl\u00fc Levos adas\u0131n\u0131n g\u00fcneybat\u0131s\u0131nda bulunan k\u00fc\u00e7\u00fck bir kasabad\u0131r. Gelenseksel \u00f6zelli\u011fini kaybetmemi\u015f, harika evlerin s\u00fcsledi\u011fi k\u00f6y\u00fc ve manast\u0131rlar\u0131 ziyaret etmelisiniz. Bu manast\u0131rlardan birisi de Moni Pithariou\u2019dur. \u00c7\u0131plak yanarda\u011f kal\u0131nt\u0131lar\u0131n\u0131n oldu\u011fu yoldan giderken yemye\u015fil bir alana in\u015fa edilmi\u015f bir manast\u0131rd\u0131r. Bat\u0131ya do\u011fru giderken 300 metre y\u00fckseklikte Antissas k\u00f6y\u00fcn\u00fc g\u00f6receksiniz. Burada kale kal\u0131nt\u0131lar\u0131n\u0131 ve Antik d\u00f6nemden kalan tarihi kal\u0131nt\u0131lar\u0131 da k\u00fclt\u00fcr merkezinde g\u00f6rebilirsiniz. \u0130sterseniz Mesotopou\u2019da \u00e7\u0131nar a\u011fac\u0131 alt\u0131ndan bir kahve i\u00e7mek i\u00e7in k\u00fc\u00e7\u00fck bir mola daha verebilirsiniz. Bu molan\u0131n ard\u0131ndan g\u00fczel liman\u0131na k\u00fc\u00e7\u00fck kay\u0131klar\u0131n ba\u011fland\u0131\u011f\u0131 ve g\u00fczel bir plaj\u0131n oldu\u011fu Tavari\u2019ye gidebilirsiniz.<\/p>\n<p style=\"text-align: justify;\">Skala Ereso\u2019dan a\u015fa\u011f\u0131 inerken 4 kilometrelik yolun sa\u011f\u0131nda ve solunda da\u011fla denizin birle\u015fti\u011fi yolda dut a\u011fa\u00e7lar\u0131n\u0131 g\u00f6rebilirsiniz. Deniz kristal gibi tertemizdir ve 2.5 kilometrelik bir sahil \u015feridine sahiptir. Buras\u0131 Akdeniz\u2019in en temiz sahillerinden birisidir ve mavi bayrakl\u0131 plaj\u0131 da bunu g\u00f6stermektedir. Skala Ereso yaz d\u00f6neminin adan\u0131n en \u00e7ok ziyaret edilen turistik b\u00f6lgelerinden birisidir. Her y\u0131l \u00e7ok say\u0131da turist buray\u0131 ziyaret etmektedir. Dalgalar\u0131n k\u0131y\u0131ya vurdu\u011fu, tahta iskelenin oldu\u011fu yerde geleneksel taverna ve kahvehanelerin yan\u0131s\u0131ra, \u00e7ok say\u0131da da restoran ve lounge barlar bulabilirsiniz.<\/p>\n[\/vc_column_text][\/vc_column][vc_column width=&#8221;1\/2&#8243;][vc_column_text]<div class=\"su-custom-gallery su-custom-gallery-align-left su-custom-gallery-title-never su-lightbox-gallery\"><div class=\"su-custom-gallery-slide\" style=\"width:130px;height:100px\"><a href=\"https:\/\/www.aphroditehotel.gr\/tr\/wp-content\/uploads\/2016\/11\/01_moni-leimonos.jpg\" title=\"01_moni-leimonos\"><img loading=\"lazy\" decoding=\"async\" src=\"https:\/\/www.aphroditehotel.gr\/tr\/wp-content\/uploads\/2016\/11\/01_moni-leimonos-130x100.jpg\" alt=\"01_moni-leimonos\" width=\"130\" height=\"100\" \/><span class=\"su-custom-gallery-title\">01_moni-leimonos<\/span><\/a><\/div><div class=\"su-custom-gallery-slide\" style=\"width:130px;height:100px\"><a href=\"https:\/\/www.aphroditehotel.gr\/tr\/wp-content\/uploads\/2016\/11\/02_dafia.jpg\" title=\"02_dafia\"><img loading=\"lazy\" decoding=\"async\" src=\"https:\/\/www.aphroditehotel.gr\/tr\/wp-content\/uploads\/2016\/11\/02_dafia-130x100.jpg\" alt=\"02_dafia\" width=\"130\" height=\"100\" \/><span class=\"su-custom-gallery-title\">02_dafia<\/span><\/a><\/div><div class=\"su-custom-gallery-slide\" style=\"width:130px;height:100px\"><a href=\"https:\/\/www.aphroditehotel.gr\/tr\/wp-content\/uploads\/2016\/11\/03-dafia.jpg\" title=\"03-dafia\"><img loading=\"lazy\" decoding=\"async\" src=\"https:\/\/www.aphroditehotel.gr\/tr\/wp-content\/uploads\/2016\/11\/03-dafia-130x100.jpg\" alt=\"03-dafia\" width=\"130\" height=\"100\" \/><span class=\"su-custom-gallery-title\">03-dafia<\/span><\/a><\/div><div class=\"su-custom-gallery-slide\" style=\"width:130px;height:100px\"><a href=\"https:\/\/www.aphroditehotel.gr\/tr\/wp-content\/uploads\/2016\/11\/05_anemotia.jpg\" title=\"05_anemotia\"><img loading=\"lazy\" decoding=\"async\" src=\"https:\/\/www.aphroditehotel.gr\/tr\/wp-content\/uploads\/2016\/11\/05_anemotia-130x100.jpg\" alt=\"05_anemotia\" width=\"130\" height=\"100\" \/><span class=\"su-custom-gallery-title\">05_anemotia<\/span><\/a><\/div><div class=\"su-custom-gallery-slide\" style=\"width:130px;height:100px\"><a href=\"https:\/\/www.aphroditehotel.gr\/tr\/wp-content\/uploads\/2016\/11\/06_lisvori.jpg\" title=\"06_lisvori\"><img loading=\"lazy\" decoding=\"async\" src=\"https:\/\/www.aphroditehotel.gr\/tr\/wp-content\/uploads\/2016\/11\/06_lisvori-130x100.jpg\" alt=\"06_lisvori\" width=\"130\" height=\"100\" \/><span class=\"su-custom-gallery-title\">06_lisvori<\/span><\/a><\/div><div class=\"su-custom-gallery-slide\" style=\"width:130px;height:100px\"><a href=\"https:\/\/www.aphroditehotel.gr\/tr\/wp-content\/uploads\/2016\/11\/07_lava-mounts.jpg\" title=\"07_lava-mounts\"><img loading=\"lazy\" decoding=\"async\" src=\"https:\/\/www.aphroditehotel.gr\/tr\/wp-content\/uploads\/2016\/11\/07_lava-mounts-130x100.jpg\" alt=\"07_lava-mounts\" width=\"130\" height=\"100\" \/><span class=\"su-custom-gallery-title\">07_lava-mounts<\/span><\/a><\/div><div class=\"su-custom-gallery-slide\" style=\"width:130px;height:100px\"><a href=\"https:\/\/www.aphroditehotel.gr\/tr\/wp-content\/uploads\/2016\/11\/10_moni_pythariou.jpg\" title=\"10_moni_pythariou\"><img loading=\"lazy\" decoding=\"async\" src=\"https:\/\/www.aphroditehotel.gr\/tr\/wp-content\/uploads\/2016\/11\/10_moni_pythariou-130x100.jpg\" alt=\"10_moni_pythariou\" width=\"130\" height=\"100\" \/><span class=\"su-custom-gallery-title\">10_moni_pythariou<\/span><\/a><\/div><div class=\"su-custom-gallery-slide\" style=\"width:130px;height:100px\"><a href=\"https:\/\/www.aphroditehotel.gr\/tr\/wp-content\/uploads\/2016\/11\/10_moni-pithariou.jpg\" title=\"10_moni-pithariou\"><img loading=\"lazy\" decoding=\"async\" src=\"https:\/\/www.aphroditehotel.gr\/tr\/wp-content\/uploads\/2016\/11\/10_moni-pithariou-130x100.jpg\" alt=\"10_moni-pithariou\" width=\"130\" height=\"100\" \/><span class=\"su-custom-gallery-title\">10_moni-pithariou<\/span><\/a><\/div><div class=\"su-custom-gallery-slide\" style=\"width:130px;height:100px\"><a href=\"https:\/\/www.aphroditehotel.gr\/tr\/wp-content\/uploads\/2016\/11\/10_moni-pithariou1.jpg\" title=\"10_moni-pithariou1\"><img loading=\"lazy\" decoding=\"async\" src=\"https:\/\/www.aphroditehotel.gr\/tr\/wp-content\/uploads\/2016\/11\/10_moni-pithariou1-130x100.jpg\" alt=\"10_moni-pithariou1\" width=\"130\" height=\"100\" \/><span class=\"su-custom-gallery-title\">10_moni-pithariou1<\/span><\/a><\/div><div class=\"su-custom-gallery-slide\" style=\"width:130px;height:100px\"><a href=\"https:\/\/www.aphroditehotel.gr\/tr\/wp-content\/uploads\/2016\/11\/11_eressos1-plateia-1.jpg\" title=\"11_eressos1-plateia-1\"><img loading=\"lazy\" decoding=\"async\" src=\"https:\/\/www.aphroditehotel.gr\/tr\/wp-content\/uploads\/2016\/11\/11_eressos1-plateia-1-130x100.jpg\" alt=\"11_eressos1-plateia-1\" width=\"130\" height=\"100\" \/><span class=\"su-custom-gallery-title\">11_eressos1-plateia-1<\/span><\/a><\/div><div class=\"su-custom-gallery-slide\" style=\"width:130px;height:100px\"><a href=\"https:\/\/www.aphroditehotel.gr\/tr\/wp-content\/uploads\/2016\/11\/11_eressos-2.jpg\" title=\"11_eressos-2\"><img loading=\"lazy\" decoding=\"async\" src=\"https:\/\/www.aphroditehotel.gr\/tr\/wp-content\/uploads\/2016\/11\/11_eressos-2-130x100.jpg\" alt=\"11_eressos-2\" width=\"130\" height=\"100\" \/><span class=\"su-custom-gallery-title\">11_eressos-2<\/span><\/a><\/div><div class=\"su-custom-gallery-slide\" style=\"width:130px;height:100px\"><a href=\"https:\/\/www.aphroditehotel.gr\/tr\/wp-content\/uploads\/2016\/11\/11_eressos2-ekklisia.jpg\" title=\"11_eressos2-ekklisia\"><img loading=\"lazy\" decoding=\"async\" src=\"https:\/\/www.aphroditehotel.gr\/tr\/wp-content\/uploads\/2016\/11\/11_eressos2-ekklisia-130x100.jpg\" alt=\"11_eressos2-ekklisia\" width=\"130\" height=\"100\" \/><span class=\"su-custom-gallery-title\">11_eressos2-ekklisia<\/span><\/a><\/div><div class=\"su-custom-gallery-slide\" style=\"width:130px;height:100px\"><a href=\"https:\/\/www.aphroditehotel.gr\/tr\/wp-content\/uploads\/2016\/11\/11_eressos-plateia-2.jpg\" title=\"11_eressos-plateia-2\"><img loading=\"lazy\" decoding=\"async\" src=\"https:\/\/www.aphroditehotel.gr\/tr\/wp-content\/uploads\/2016\/11\/11_eressos-plateia-2-130x100.jpg\" alt=\"11_eressos-plateia-2\" width=\"130\" height=\"100\" \/><span class=\"su-custom-gallery-title\">11_eressos-plateia-2<\/span><\/a><\/div><div class=\"su-custom-gallery-slide\" style=\"width:130px;height:100px\"><a href=\"https:\/\/www.aphroditehotel.gr\/tr\/wp-content\/uploads\/2016\/11\/11_skala_eresos3.jpg\" title=\"11_skala_eresos3\"><img loading=\"lazy\" decoding=\"async\" src=\"https:\/\/www.aphroditehotel.gr\/tr\/wp-content\/uploads\/2016\/11\/11_skala_eresos3-130x100.jpg\" alt=\"11_skala_eresos3\" width=\"130\" height=\"100\" \/><span class=\"su-custom-gallery-title\">11_skala_eresos3<\/span><\/a><\/div><div class=\"su-custom-gallery-slide\" style=\"width:130px;height:100px\"><a href=\"https:\/\/www.aphroditehotel.gr\/tr\/wp-content\/uploads\/2016\/11\/11_skala_eressos4.jpg\" title=\"11_skala_eressos4\"><img loading=\"lazy\" decoding=\"async\" src=\"https:\/\/www.aphroditehotel.gr\/tr\/wp-content\/uploads\/2016\/11\/11_skala_eressos4-130x100.jpg\" alt=\"11_skala_eressos4\" width=\"130\" height=\"100\" \/><span class=\"su-custom-gallery-title\">11_skala_eressos4<\/span><\/a><\/div><div class=\"su-custom-gallery-slide\" style=\"width:130px;height:100px\"><a href=\"https:\/\/www.aphroditehotel.gr\/tr\/wp-content\/uploads\/2016\/11\/11_skala-eressos.jpg\" title=\"11_skala-eressos\"><img loading=\"lazy\" decoding=\"async\" src=\"https:\/\/www.aphroditehotel.gr\/tr\/wp-content\/uploads\/2016\/11\/11_skala-eressos-130x100.jpg\" alt=\"11_skala-eressos\" width=\"130\" height=\"100\" \/><span class=\"su-custom-gallery-title\">11_skala-eressos<\/span><\/a><\/div><div class=\"su-custom-gallery-slide\" style=\"width:130px;height:100px\"><a href=\"https:\/\/www.aphroditehotel.gr\/tr\/wp-content\/uploads\/2016\/11\/11_skala-eressos1.jpg\" title=\"11_skala-eressos1\"><img loading=\"lazy\" decoding=\"async\" src=\"https:\/\/www.aphroditehotel.gr\/tr\/wp-content\/uploads\/2016\/11\/11_skala-eressos1-130x100.jpg\" alt=\"11_skala-eressos1\" width=\"130\" height=\"100\" \/><span class=\"su-custom-gallery-title\">11_skala-eressos1<\/span><\/a><\/div><div class=\"su-custom-gallery-slide\" style=\"width:130px;height:100px\"><a href=\"https:\/\/www.aphroditehotel.gr\/tr\/wp-content\/uploads\/2016\/11\/11_skala-eressos1a.jpg\" title=\"11_skala-eressos1a\"><img loading=\"lazy\" decoding=\"async\" src=\"https:\/\/www.aphroditehotel.gr\/tr\/wp-content\/uploads\/2016\/11\/11_skala-eressos1a-130x100.jpg\" alt=\"11_skala-eressos1a\" width=\"130\" height=\"100\" \/><span class=\"su-custom-gallery-title\">11_skala-eressos1a<\/span><\/a><\/div><div class=\"su-custom-gallery-slide\" style=\"width:130px;height:100px\"><a href=\"https:\/\/www.aphroditehotel.gr\/tr\/wp-content\/uploads\/2016\/11\/11_skala-eressos2.jpg\" title=\"11_skala-eressos2\"><img loading=\"lazy\" decoding=\"async\" src=\"https:\/\/www.aphroditehotel.gr\/tr\/wp-content\/uploads\/2016\/11\/11_skala-eressos2-130x100.jpg\" alt=\"11_skala-eressos2\" width=\"130\" height=\"100\" \/><span class=\"su-custom-gallery-title\">11_skala-eressos2<\/span><\/a><\/div><div class=\"su-custom-gallery-slide\" style=\"width:130px;height:100px\"><a href=\"https:\/\/www.aphroditehotel.gr\/tr\/wp-content\/uploads\/2016\/11\/11_skala-eressos3.jpg\" title=\"11_skala-eressos3\"><img loading=\"lazy\" decoding=\"async\" src=\"https:\/\/www.aphroditehotel.gr\/tr\/wp-content\/uploads\/2016\/11\/11_skala-eressos3-130x100.jpg\" alt=\"11_skala-eressos3\" width=\"130\" height=\"100\" \/><span class=\"su-custom-gallery-title\">11_skala-eressos3<\/span><\/a><\/div><div class=\"su-custom-gallery-slide\" style=\"width:130px;height:100px\"><a href=\"https:\/\/www.aphroditehotel.gr\/tr\/wp-content\/uploads\/2016\/11\/11_skala-eressos4.jpg\" title=\"11_skala-eressos4\"><img loading=\"lazy\" decoding=\"async\" src=\"https:\/\/www.aphroditehotel.gr\/tr\/wp-content\/uploads\/2016\/11\/11_skala-eressos4-130x100.jpg\" alt=\"11_skala-eressos4\" width=\"130\" height=\"100\" \/><span class=\"su-custom-gallery-title\">11_skala-eressos4<\/span><\/a><\/div><div class=\"su-custom-gallery-slide\" style=\"width:130px;height:100px\"><a href=\"https:\/\/www.aphroditehotel.gr\/tr\/wp-content\/uploads\/2016\/11\/11_taverna-eressos.jpg\" title=\"11_taverna-eressos\"><img loading=\"lazy\" decoding=\"async\" src=\"https:\/\/www.aphroditehotel.gr\/tr\/wp-content\/uploads\/2016\/11\/11_taverna-eressos-130x100.jpg\" alt=\"11_taverna-eressos\" width=\"130\" height=\"100\" \/><span class=\"su-custom-gallery-title\">11_taverna-eressos<\/span><\/a><\/div><div class=\"su-custom-gallery-slide\" style=\"width:130px;height:100px\"><a href=\"https:\/\/www.aphroditehotel.gr\/tr\/wp-content\/uploads\/2016\/11\/11_tavli-eressos.jpg\" title=\"11_tavli-eressos\"><img loading=\"lazy\" decoding=\"async\" src=\"https:\/\/www.aphroditehotel.gr\/tr\/wp-content\/uploads\/2016\/11\/11_tavli-eressos-130x100.jpg\" alt=\"11_tavli-eressos\" width=\"130\" height=\"100\" \/><span class=\"su-custom-gallery-title\">11_tavli-eressos<\/span><\/a><\/div><div class=\"su-custom-gallery-slide\" style=\"width:130px;height:100px\"><a href=\"https:\/\/www.aphroditehotel.gr\/tr\/wp-content\/uploads\/2016\/11\/11_xtapodia.jpg\" title=\"11_xtapodia\"><img loading=\"lazy\" decoding=\"async\" src=\"https:\/\/www.aphroditehotel.gr\/tr\/wp-content\/uploads\/2016\/11\/11_xtapodia-130x100.jpg\" alt=\"11_xtapodia\" width=\"130\" height=\"100\" \/><span class=\"su-custom-gallery-title\">11_xtapodia<\/span><\/a><\/div><div class=\"su-custom-gallery-slide\" style=\"width:130px;height:100px\"><a href=\"https:\/\/www.aphroditehotel.gr\/tr\/wp-content\/uploads\/2016\/11\/15_moni-sigri.jpg\" title=\"15_moni-sigri\"><img loading=\"lazy\" decoding=\"async\" src=\"https:\/\/www.aphroditehotel.gr\/tr\/wp-content\/uploads\/2016\/11\/15_moni-sigri-130x100.jpg\" alt=\"15_moni-sigri\" width=\"130\" height=\"100\" \/><span class=\"su-custom-gallery-title\">15_moni-sigri<\/span><\/a><\/div><div class=\"su-custom-gallery-slide\" style=\"width:130px;height:100px\"><a href=\"https:\/\/www.aphroditehotel.gr\/tr\/wp-content\/uploads\/2016\/11\/16_petrified1.jpg\" title=\"16_petrified1\"><img loading=\"lazy\" decoding=\"async\" src=\"https:\/\/www.aphroditehotel.gr\/tr\/wp-content\/uploads\/2016\/11\/16_petrified1-130x100.jpg\" alt=\"16_petrified1\" width=\"130\" height=\"100\" \/><span class=\"su-custom-gallery-title\">16_petrified1<\/span><\/a><\/div><div class=\"su-custom-gallery-slide\" style=\"width:130px;height:100px\"><a href=\"https:\/\/www.aphroditehotel.gr\/tr\/wp-content\/uploads\/2016\/11\/16_petrified1a.jpg\" title=\"16_petrified1a\"><img loading=\"lazy\" decoding=\"async\" src=\"https:\/\/www.aphroditehotel.gr\/tr\/wp-content\/uploads\/2016\/11\/16_petrified1a-130x100.jpg\" alt=\"16_petrified1a\" width=\"130\" height=\"100\" \/><span class=\"su-custom-gallery-title\">16_petrified1a<\/span><\/a><\/div><div class=\"su-custom-gallery-slide\" style=\"width:130px;height:100px\"><a href=\"https:\/\/www.aphroditehotel.gr\/tr\/wp-content\/uploads\/2016\/11\/16_petrified2.jpg\" title=\"16_petrified2\"><img loading=\"lazy\" decoding=\"async\" src=\"https:\/\/www.aphroditehotel.gr\/tr\/wp-content\/uploads\/2016\/11\/16_petrified2-130x100.jpg\" alt=\"16_petrified2\" width=\"130\" height=\"100\" \/><span class=\"su-custom-gallery-title\">16_petrified2<\/span><\/a><\/div><div class=\"su-custom-gallery-slide\" style=\"width:130px;height:100px\"><a href=\"https:\/\/www.aphroditehotel.gr\/tr\/wp-content\/uploads\/2016\/11\/16_petrified3.jpg\" title=\"16_petrified3\"><img loading=\"lazy\" decoding=\"async\" src=\"https:\/\/www.aphroditehotel.gr\/tr\/wp-content\/uploads\/2016\/11\/16_petrified3-130x100.jpg\" alt=\"16_petrified3\" width=\"130\" height=\"100\" \/><span class=\"su-custom-gallery-title\">16_petrified3<\/span><\/a><\/div><div class=\"su-custom-gallery-slide\" style=\"width:130px;height:100px\"><a href=\"https:\/\/www.aphroditehotel.gr\/tr\/wp-content\/uploads\/2016\/11\/16_sigri-castle1.jpg\" title=\"16_sigri-castle1\"><img loading=\"lazy\" decoding=\"async\" src=\"https:\/\/www.aphroditehotel.gr\/tr\/wp-content\/uploads\/2016\/11\/16_sigri-castle1-130x100.jpg\" alt=\"16_sigri-castle1\" width=\"130\" height=\"100\" \/><span class=\"su-custom-gallery-title\">16_sigri-castle1<\/span><\/a><\/div><div class=\"su-custom-gallery-slide\" style=\"width:130px;height:100px\"><a href=\"https:\/\/www.aphroditehotel.gr\/tr\/wp-content\/uploads\/2016\/11\/16_sigri-castle2.jpg\" title=\"16_sigri-castle2\"><img loading=\"lazy\" decoding=\"async\" src=\"https:\/\/www.aphroditehotel.gr\/tr\/wp-content\/uploads\/2016\/11\/16_sigri-castle2-130x100.jpg\" alt=\"16_sigri-castle2\" width=\"130\" height=\"100\" \/><span class=\"su-custom-gallery-title\">16_sigri-castle2<\/span><\/a><\/div><div class=\"su-custom-gallery-slide\" style=\"width:130px;height:100px\"><a href=\"https:\/\/www.aphroditehotel.gr\/tr\/wp-content\/uploads\/2016\/11\/16_sigri-castle3.jpg\" title=\"16_sigri-castle3\"><img loading=\"lazy\" decoding=\"async\" src=\"https:\/\/www.aphroditehotel.gr\/tr\/wp-content\/uploads\/2016\/11\/16_sigri-castle3-130x100.jpg\" alt=\"16_sigri-castle3\" width=\"130\" height=\"100\" \/><span class=\"su-custom-gallery-title\">16_sigri-castle3<\/span><\/a><\/div><div class=\"su-custom-gallery-slide\" style=\"width:130px;height:100px\"><a href=\"https:\/\/www.aphroditehotel.gr\/tr\/wp-content\/uploads\/2016\/11\/16_sigri-mylos.jpg\" title=\"16_sigri-mylos\"><img loading=\"lazy\" decoding=\"async\" src=\"https:\/\/www.aphroditehotel.gr\/tr\/wp-content\/uploads\/2016\/11\/16_sigri-mylos-130x100.jpg\" alt=\"16_sigri-mylos\" width=\"130\" height=\"100\" \/><span class=\"su-custom-gallery-title\">16_sigri-mylos<\/span><\/a><\/div><div class=\"su-custom-gallery-slide\" style=\"width:130px;height:100px\"><a href=\"https:\/\/www.aphroditehotel.gr\/tr\/wp-content\/uploads\/2016\/11\/17_panagia-faneromeni-sigri.jpg\" title=\"17_panagia-faneromeni-sigri\"><img loading=\"lazy\" decoding=\"async\" src=\"https:\/\/www.aphroditehotel.gr\/tr\/wp-content\/uploads\/2016\/11\/17_panagia-faneromeni-sigri-130x100.jpg\" alt=\"17_panagia-faneromeni-sigri\" width=\"130\" height=\"100\" \/><span class=\"su-custom-gallery-title\">17_panagia-faneromeni-sigri<\/span><\/a><\/div><div class=\"su-custom-gallery-slide\" style=\"width:130px;height:100px\"><a href=\"https:\/\/www.aphroditehotel.gr\/tr\/wp-content\/uploads\/2016\/11\/22_dhmotiko-mesotopou.jpg\" title=\"22_dhmotiko-mesotopou\"><img loading=\"lazy\" decoding=\"async\" src=\"https:\/\/www.aphroditehotel.gr\/tr\/wp-content\/uploads\/2016\/11\/22_dhmotiko-mesotopou-130x100.jpg\" alt=\"22_dhmotiko-mesotopou\" width=\"130\" height=\"100\" \/><span class=\"su-custom-gallery-title\">22_dhmotiko-mesotopou<\/span><\/a><\/div><div class=\"su-custom-gallery-slide\" style=\"width:130px;height:100px\"><a href=\"https:\/\/www.aphroditehotel.gr\/tr\/wp-content\/uploads\/2016\/11\/22_mesotopos-plateia1.jpg\" title=\"22_mesotopos-plateia1\"><img loading=\"lazy\" decoding=\"async\" src=\"https:\/\/www.aphroditehotel.gr\/tr\/wp-content\/uploads\/2016\/11\/22_mesotopos-plateia1-130x100.jpg\" alt=\"22_mesotopos-plateia1\" width=\"130\" height=\"100\" \/><span class=\"su-custom-gallery-title\">22_mesotopos-plateia1<\/span><\/a><\/div><div class=\"su-custom-gallery-slide\" style=\"width:130px;height:100px\"><a href=\"https:\/\/www.aphroditehotel.gr\/tr\/wp-content\/uploads\/2016\/11\/22_mesotopos-plateia2.jpg\" title=\"22_mesotopos-plateia2\"><img loading=\"lazy\" decoding=\"async\" src=\"https:\/\/www.aphroditehotel.gr\/tr\/wp-content\/uploads\/2016\/11\/22_mesotopos-plateia2-130x100.jpg\" alt=\"22_mesotopos-plateia2\" width=\"130\" height=\"100\" \/><span class=\"su-custom-gallery-title\">22_mesotopos-plateia2<\/span><\/a><\/div><div class=\"su-custom-gallery-slide\" style=\"width:130px;height:100px\"><a href=\"https:\/\/www.aphroditehotel.gr\/tr\/wp-content\/uploads\/2016\/11\/22_mesotopos-plateia3.jpg\" title=\"22_mesotopos-plateia3\"><img loading=\"lazy\" decoding=\"async\" src=\"https:\/\/www.aphroditehotel.gr\/tr\/wp-content\/uploads\/2016\/11\/22_mesotopos-plateia3-130x100.jpg\" alt=\"22_mesotopos-plateia3\" width=\"130\" height=\"100\" \/><span class=\"su-custom-gallery-title\">22_mesotopos-plateia3<\/span><\/a><\/div><div class=\"su-custom-gallery-slide\" style=\"width:130px;height:100px\"><a href=\"https:\/\/www.aphroditehotel.gr\/tr\/wp-content\/uploads\/2016\/11\/23_agra1.jpg\" title=\"23_agra1\"><img loading=\"lazy\" decoding=\"async\" src=\"https:\/\/www.aphroditehotel.gr\/tr\/wp-content\/uploads\/2016\/11\/23_agra1-130x100.jpg\" alt=\"23_agra1\" width=\"130\" height=\"100\" \/><span class=\"su-custom-gallery-title\">23_agra1<\/span><\/a><\/div><div class=\"su-clear\"><\/div><\/div>[\/vc_column_text][\/vc_column][\/vc_row]\n<\/div>","protected":false},"excerpt":{"rendered":"<p>[vc_row][vc_column width=&#8221;1\/2&#8243;][vc_column_text] Adan\u0131n bat\u0131 b\u00f6lgesinde geleneksel mimarisi \u00e7ok iyi korunmu\u015f Vatousa ve 300 metre y\u00fckseklikte ormanl\u0131k bir tepeye yerle\u015fik Antissa k\u00f6ylerini g\u00f6receksiniz. Gavatas ise ayn\u0131 k\u00f6y\u00fcn liman\u0131d\u0131r. Ordimnos Da\u011f\u0131\u2019 n\u0131n zirvesinde Ipsilou Manast\u0131r\u0131 y\u00fckselir. Manast\u0131r kilisesinde nadir ikonalar ve \u00e7ok de\u011ferli dini e\u015fyalar muhafaza edilmektedir. Lesvos\u2019un en bat\u0131 ucunda k\u00fc\u00e7\u00fck kalesi ile \u00f6zg\u00fcn bal\u0131k\u00e7\u0131 k\u00f6y\u00fc &#8230;<\/p>\n","protected":false},"author":1,"featured_media":0,"parent":0,"menu_order":0,"comment_status":"closed","ping_status":"closed","template":"","meta":{"footnotes":""},"class_list":["post-634","page","type-page","status-publish","hentry"],"_links":{"self":[{"href":"https:\/\/www.aphroditehotel.gr\/tr\/wp-json\/wp\/v2\/pages\/634","targetHints":{"allow":["GET"]}}],"collection":[{"href":"https:\/\/www.aphroditehotel.gr\/tr\/wp-json\/wp\/v2\/pages"}],"about":[{"href":"https:\/\/www.aphroditehotel.gr\/tr\/wp-json\/wp\/v2\/types\/page"}],"author":[{"embeddable":true,"href":"https:\/\/www.aphroditehotel.gr\/tr\/wp-json\/wp\/v2\/users\/1"}],"replies":[{"embeddable":true,"href":"https:\/\/www.aphroditehotel.gr\/tr\/wp-json\/wp\/v2\/comments?post=634"}],"version-history":[{"count":1,"href":"https:\/\/www.aphroditehotel.gr\/tr\/wp-json\/wp\/v2\/pages\/634\/revisions"}],"predecessor-version":[{"id":674,"href":"https:\/\/www.aphroditehotel.gr\/tr\/wp-json\/wp\/v2\/pages\/634\/revisions\/674"}],"wp:attachment":[{"href":"https:\/\/www.aphroditehotel.gr\/tr\/wp-json\/wp\/v2\/media?parent=634"}],"curies":[{"name":"wp","href":"https:\/\/api.w.org\/{rel}","templated":true}]}}