{"id":605,"date":"2016-11-28T21:16:57","date_gmt":"2016-11-28T19:16:57","guid":{"rendered":"http:\/\/www.aphroditehotel.gr\/tr\/?page_id=605"},"modified":"2016-11-28T21:17:54","modified_gmt":"2016-11-28T19:17:54","slug":"merkez-lesvos","status":"publish","type":"page","link":"https:\/\/www.aphroditehotel.gr\/tr\/merkez-lesvos\/","title":{"rendered":"Merkez Lesvos"},"content":{"rendered":"<div class=\"wpb-content-wrapper\">[vc_row][vc_column width=&#8221;1\/2&#8243;][vc_column_text]\n<p style=\"text-align: justify;\">Lesvos\u2019u ke\u015ffe \u00e7\u0131kan ziyaret\u00e7i adan\u0131n orta b\u00f6lgesindeki g\u00fczel \u00e7am ormanlar\u0131ndan da ge\u00e7ecek. Daha sonra Kaloni ve yaz\u0131n \u00fcnl\u00fc sardalya \u015fenliklerinin d\u00fczenlendi\u011fi kumluk Skala Kaloni sahiline varacak.<\/p>\n<p style=\"text-align: justify;\">Ayn\u0131 b\u00f6lgede g\u00f6\u00e7men ku\u015flar\u0131n u\u011frak yeri olan koruma alt\u0131ndaki batakl\u0131k da bir ba\u015fka ilgi alan\u0131 bir\u00e7ok ziyaret\u00e7i i\u00e7in. Kaloni \u00e7evresinde eski \u201cMeson\u201d tap\u0131na\u011f\u0131, antik \u201cKlopedi\u201d tap\u0131na\u011f\u0131 ve nak\u0131\u015f i\u015fleri ile Yunanistan\u2019\u0131n en zengin \u00fc\u00e7\u00fcnc\u00fc manast\u0131r\u0131 Moni Limonos ziyaret edilmeye de\u011fer tarihi yerlerdir.<\/p>\n<p style=\"text-align: justify;\">G\u00f6r\u00fclmesi gereken \u00f6nemli tarihi eserlerden biri de; Tsiknia\u2019da 8,5 metre y\u00fcksekli\u011findeki asma k\u00f6pr\u00fcd\u00fcr. Orta\u00e7a\u011fda in\u015fa edilen bu k\u00f6pr\u00fc h\u00e2l\u00e2 ayaktad\u0131r.<\/p>\n<p style=\"text-align: justify;\">Kallonis k\u00f6rfezi; sulak alanlar\u0131n \u00e7e\u015fitlili\u011fi ile de g\u00f6ze \u00e7arpmaktad\u0131r. Meson ve Vouvari nehirleri bu \u00e7e\u015fitlili\u011fe \u00f6nemli bir katk\u0131 sunmaktad\u0131r. Yine; Agia Paraskevi\u2019nin g\u00fcneyindeki tuzlalar da \u00e7ok \u00f6nemli bir gelir kayna\u011f\u0131 olu\u015fturmaktad\u0131r.<\/p>\n<p style=\"text-align: justify;\">Kaloni yak\u0131nlar\u0131nda bulunan Agia Paraskevi k\u00f6y\u00fc. Haziran ay\u0131ndaki Bo\u011fa Panay\u0131r\u0131 \u00e7ok e\u011flenceli \u015fenlikleri, geleneksel halk m\u00fczi\u011fi, ve \u00f6d\u00fcll\u00fc at yar\u0131\u015flar\u0131 ile Eski Yunan uygarl\u0131\u011f\u0131n\u0131n bug\u00fcnk\u00fc bir yans\u0131mas\u0131 gibidir.<\/p>\n<p style=\"text-align: justify;\">Tar\u0131m ve hayvanc\u0131l\u0131\u011fa dayanan ekonomisi ile geleneklerine sad\u0131k kalarak ayakta kalmaktad\u0131rlar. Herkesin b\u00fct\u00e7esine katk\u0131da bulunacak kaliteli turizmi geli\u015ftirmek i\u00e7in kasaban\u0131n sakinleri; aray\u0131\u015flar\u0131n\u0131 gelenek ve g\u00f6reneklerine ba\u011fl\u0131 kalarak s\u00fcrd\u00fcrmektedirler.<\/p>\n<p style=\"text-align: justify;\">En me\u015fhur gelene\u011fi; \u00e7ok say\u0131da ziyaret\u00e7iyi buraya \u00e7eken Bo\u011fa Panay\u0131r\u0131d\u0131r. Bu panay\u0131r Agios Charalambos an\u0131s\u0131na d\u00fczenlenmektedir. 3 g\u00fcn boyunca sabahlara kadar s\u00fcren bu panay\u0131rda; at yar\u0131\u015flar\u0131 ve e\u011flence partileri d\u00fczenlenir. Her\u00a0 y\u0131l Paskalyadan 50 g\u00fcn sonraya, yani haziran ay\u0131nda d\u00fczenlenmektedir.<\/p>\n<p style=\"text-align: justify;\">Kasaban\u0131n giri\u015finde; b\u00f6lgeye has ve 1910 y\u0131l\u0131nda in\u015fa edilen eski bir ya\u011f de\u011firmeni bulunmaktad\u0131r. Y\u0131llarca hizmet verdikten sonra bu ya\u011f de\u011firmeni \u201cMousio Elias\u201da yani Zeytin M\u00fczesine d\u00f6n\u00fc\u015ft\u00fcr\u00fcld\u00fc.<\/p>\n<p style=\"text-align: justify;\">\u00d6nemli arkeolojik ve dini an\u0131tlar; Agia Paraskevi\u2019nin y\u00fcz\u00fcn\u00fc ve geleneksel g\u00fczelli\u011fini olu\u015fturmaktad\u0131r.<\/p>\n<p style=\"text-align: justify;\">B\u00f6lgenin \u00f6nemli bir dini gelene\u011fi vard\u0131r. Bunu 64 adet \u015fapele ve Midili adas\u0131n\u0131n ikinci b\u00fcy\u00fck kilisesi olan Pammegiston Taksiarhon\u2019a sahip olmas\u0131na bor\u00e7ludur.<\/p>\n[\/vc_column_text][\/vc_column][vc_column width=&#8221;1\/2&#8243;][vc_column_text]<div class=\"su-custom-gallery su-custom-gallery-align-left su-custom-gallery-title-never su-lightbox-gallery\"><div class=\"su-custom-gallery-slide\" style=\"width:130px;height:100px\"><a href=\"https:\/\/www.aphroditehotel.gr\/tr\/wp-content\/uploads\/2016\/11\/01_messa.jpg\" title=\"01_messa\"><img loading=\"lazy\" decoding=\"async\" src=\"https:\/\/www.aphroditehotel.gr\/tr\/wp-content\/uploads\/2016\/11\/01_messa-130x100.jpg\" alt=\"01_messa\" width=\"130\" height=\"100\" \/><span class=\"su-custom-gallery-title\">01_messa<\/span><\/a><\/div><div class=\"su-custom-gallery-slide\" style=\"width:130px;height:100px\"><a href=\"https:\/\/www.aphroditehotel.gr\/tr\/wp-content\/uploads\/2016\/11\/01_messa2.jpg\" title=\"01_messa2\"><img loading=\"lazy\" decoding=\"async\" src=\"https:\/\/www.aphroditehotel.gr\/tr\/wp-content\/uploads\/2016\/11\/01_messa2-130x100.jpg\" alt=\"01_messa2\" width=\"130\" height=\"100\" \/><span class=\"su-custom-gallery-title\">01_messa2<\/span><\/a><\/div><div class=\"su-custom-gallery-slide\" style=\"width:130px;height:100px\"><a href=\"https:\/\/www.aphroditehotel.gr\/tr\/wp-content\/uploads\/2016\/11\/03_agia_parask0.jpg\" title=\"03_agia_parask0\"><img loading=\"lazy\" decoding=\"async\" src=\"https:\/\/www.aphroditehotel.gr\/tr\/wp-content\/uploads\/2016\/11\/03_agia_parask0-130x100.jpg\" alt=\"03_agia_parask0\" width=\"130\" height=\"100\" \/><span class=\"su-custom-gallery-title\">03_agia_parask0<\/span><\/a><\/div><div class=\"su-custom-gallery-slide\" style=\"width:130px;height:100px\"><a href=\"https:\/\/www.aphroditehotel.gr\/tr\/wp-content\/uploads\/2016\/11\/03_agia_parask1.jpg\" title=\"03_agia_parask1\"><img loading=\"lazy\" decoding=\"async\" src=\"https:\/\/www.aphroditehotel.gr\/tr\/wp-content\/uploads\/2016\/11\/03_agia_parask1-130x100.jpg\" alt=\"03_agia_parask1\" width=\"130\" height=\"100\" \/><span class=\"su-custom-gallery-title\">03_agia_parask1<\/span><\/a><\/div><div class=\"su-custom-gallery-slide\" style=\"width:130px;height:100px\"><a href=\"https:\/\/www.aphroditehotel.gr\/tr\/wp-content\/uploads\/2016\/11\/03_agia_parask2.jpg\" title=\"03_agia_parask2\"><img loading=\"lazy\" decoding=\"async\" src=\"https:\/\/www.aphroditehotel.gr\/tr\/wp-content\/uploads\/2016\/11\/03_agia_parask2-130x100.jpg\" alt=\"03_agia_parask2\" width=\"130\" height=\"100\" \/><span class=\"su-custom-gallery-title\">03_agia_parask2<\/span><\/a><\/div><div class=\"su-custom-gallery-slide\" style=\"width:130px;height:100px\"><a href=\"https:\/\/www.aphroditehotel.gr\/tr\/wp-content\/uploads\/2016\/11\/03_agia_parask3.jpg\" title=\"03_agia_parask3\"><img loading=\"lazy\" decoding=\"async\" src=\"https:\/\/www.aphroditehotel.gr\/tr\/wp-content\/uploads\/2016\/11\/03_agia_parask3-130x100.jpg\" alt=\"03_agia_parask3\" width=\"130\" height=\"100\" \/><span class=\"su-custom-gallery-title\">03_agia_parask3<\/span><\/a><\/div><div class=\"su-custom-gallery-slide\" style=\"width:130px;height:100px\"><a href=\"https:\/\/www.aphroditehotel.gr\/tr\/wp-content\/uploads\/2016\/11\/03_klopedi4.jpg\" title=\"03_klopedi4\"><img loading=\"lazy\" decoding=\"async\" src=\"https:\/\/www.aphroditehotel.gr\/tr\/wp-content\/uploads\/2016\/11\/03_klopedi4-130x100.jpg\" alt=\"03_klopedi4\" width=\"130\" height=\"100\" \/><span class=\"su-custom-gallery-title\">03_klopedi4<\/span><\/a><\/div><div class=\"su-custom-gallery-slide\" style=\"width:130px;height:100px\"><a href=\"https:\/\/www.aphroditehotel.gr\/tr\/wp-content\/uploads\/2016\/11\/04_dhmotiko-sxoleio.jpg\" title=\"04_dhmotiko-sxoleio\"><img loading=\"lazy\" decoding=\"async\" src=\"https:\/\/www.aphroditehotel.gr\/tr\/wp-content\/uploads\/2016\/11\/04_dhmotiko-sxoleio-130x100.jpg\" alt=\"04_dhmotiko-sxoleio\" width=\"130\" height=\"100\" \/><span class=\"su-custom-gallery-title\">04_dhmotiko-sxoleio<\/span><\/a><\/div><div class=\"su-custom-gallery-slide\" style=\"width:130px;height:100px\"><a href=\"https:\/\/www.aphroditehotel.gr\/tr\/wp-content\/uploads\/2016\/11\/05_wetland1.jpg\" title=\"05_wetland1\"><img loading=\"lazy\" decoding=\"async\" src=\"https:\/\/www.aphroditehotel.gr\/tr\/wp-content\/uploads\/2016\/11\/05_wetland1-130x100.jpg\" alt=\"05_wetland1\" width=\"130\" height=\"100\" \/><span class=\"su-custom-gallery-title\">05_wetland1<\/span><\/a><\/div><div class=\"su-custom-gallery-slide\" style=\"width:130px;height:100px\"><a href=\"https:\/\/www.aphroditehotel.gr\/tr\/wp-content\/uploads\/2016\/11\/05_wetland2.jpg\" title=\"05_wetland2\"><img loading=\"lazy\" decoding=\"async\" src=\"https:\/\/www.aphroditehotel.gr\/tr\/wp-content\/uploads\/2016\/11\/05_wetland2-130x100.jpg\" alt=\"05_wetland2\" width=\"130\" height=\"100\" \/><span class=\"su-custom-gallery-title\">05_wetland2<\/span><\/a><\/div><div class=\"su-custom-gallery-slide\" style=\"width:130px;height:100px\"><a href=\"https:\/\/www.aphroditehotel.gr\/tr\/wp-content\/uploads\/2016\/11\/05b_paliogefiri-parakila.jpg\" title=\"05b_paliogefiri-parakila\"><img loading=\"lazy\" decoding=\"async\" src=\"https:\/\/www.aphroditehotel.gr\/tr\/wp-content\/uploads\/2016\/11\/05b_paliogefiri-parakila-130x100.jpg\" alt=\"05b_paliogefiri-parakila\" width=\"130\" height=\"100\" \/><span class=\"su-custom-gallery-title\">05b_paliogefiri-parakila<\/span><\/a><\/div><div class=\"su-custom-gallery-slide\" style=\"width:130px;height:100px\"><a href=\"https:\/\/www.aphroditehotel.gr\/tr\/wp-content\/uploads\/2016\/11\/05-kamares-kalloni.jpg\" title=\"05-kamares-kalloni\"><img loading=\"lazy\" decoding=\"async\" src=\"https:\/\/www.aphroditehotel.gr\/tr\/wp-content\/uploads\/2016\/11\/05-kamares-kalloni-130x100.jpg\" alt=\"05-kamares-kalloni\" width=\"130\" height=\"100\" \/><span class=\"su-custom-gallery-title\">05-kamares-kalloni<\/span><\/a><\/div><div class=\"su-custom-gallery-slide\" style=\"width:130px;height:100px\"><a href=\"https:\/\/www.aphroditehotel.gr\/tr\/wp-content\/uploads\/2016\/11\/06_kalloni-25.jpg\" title=\"06_kalloni-25\"><img loading=\"lazy\" decoding=\"async\" src=\"https:\/\/www.aphroditehotel.gr\/tr\/wp-content\/uploads\/2016\/11\/06_kalloni-25-130x100.jpg\" alt=\"06_kalloni-25\" width=\"130\" height=\"100\" \/><span class=\"su-custom-gallery-title\">06_kalloni-25<\/span><\/a><\/div><div class=\"su-custom-gallery-slide\" style=\"width:130px;height:100px\"><a href=\"https:\/\/www.aphroditehotel.gr\/tr\/wp-content\/uploads\/2016\/11\/06_kalloni-beach-boat.jpg\" title=\"06_kalloni-beach-boat\"><img loading=\"lazy\" decoding=\"async\" src=\"https:\/\/www.aphroditehotel.gr\/tr\/wp-content\/uploads\/2016\/11\/06_kalloni-beach-boat-130x100.jpg\" alt=\"06_kalloni-beach-boat\" width=\"130\" height=\"100\" \/><span class=\"su-custom-gallery-title\">06_kalloni-beach-boat<\/span><\/a><\/div><div class=\"su-custom-gallery-slide\" style=\"width:130px;height:100px\"><a href=\"https:\/\/www.aphroditehotel.gr\/tr\/wp-content\/uploads\/2016\/11\/06_skala-kallonis.jpg\" title=\"06_skala-kallonis\"><img loading=\"lazy\" decoding=\"async\" src=\"https:\/\/www.aphroditehotel.gr\/tr\/wp-content\/uploads\/2016\/11\/06_skala-kallonis-130x100.jpg\" alt=\"06_skala-kallonis\" width=\"130\" height=\"100\" \/><span class=\"su-custom-gallery-title\">06_skala-kallonis<\/span><\/a><\/div><div class=\"su-custom-gallery-slide\" style=\"width:130px;height:100px\"><a href=\"https:\/\/www.aphroditehotel.gr\/tr\/wp-content\/uploads\/2016\/11\/06_skala-kallonis2.jpg\" title=\"06_skala-kallonis2\"><img loading=\"lazy\" decoding=\"async\" src=\"https:\/\/www.aphroditehotel.gr\/tr\/wp-content\/uploads\/2016\/11\/06_skala-kallonis2-130x100.jpg\" alt=\"06_skala-kallonis2\" width=\"130\" height=\"100\" \/><span class=\"su-custom-gallery-title\">06_skala-kallonis2<\/span><\/a><\/div><div class=\"su-custom-gallery-slide\" style=\"width:130px;height:100px\"><a href=\"https:\/\/www.aphroditehotel.gr\/tr\/wp-content\/uploads\/2016\/11\/06_skala-kallonis4.jpg\" title=\"06_skala-kallonis4\"><img loading=\"lazy\" decoding=\"async\" src=\"https:\/\/www.aphroditehotel.gr\/tr\/wp-content\/uploads\/2016\/11\/06_skala-kallonis4-130x100.jpg\" alt=\"06_skala-kallonis4\" width=\"130\" height=\"100\" \/><span class=\"su-custom-gallery-title\">06_skala-kallonis4<\/span><\/a><\/div><div class=\"su-custom-gallery-slide\" style=\"width:130px;height:100px\"><a href=\"https:\/\/www.aphroditehotel.gr\/tr\/wp-content\/uploads\/2016\/11\/06_skala-kallonis4a.jpg\" title=\"06_skala-kallonis4a\"><img loading=\"lazy\" decoding=\"async\" src=\"https:\/\/www.aphroditehotel.gr\/tr\/wp-content\/uploads\/2016\/11\/06_skala-kallonis4a-130x100.jpg\" alt=\"06_skala-kallonis4a\" width=\"130\" height=\"100\" \/><span class=\"su-custom-gallery-title\">06_skala-kallonis4a<\/span><\/a><\/div><div class=\"su-custom-gallery-slide\" style=\"width:130px;height:100px\"><a href=\"https:\/\/www.aphroditehotel.gr\/tr\/wp-content\/uploads\/2016\/11\/06_skala-kallonis5.jpg\" title=\"06_skala-kallonis5\"><img loading=\"lazy\" decoding=\"async\" src=\"https:\/\/www.aphroditehotel.gr\/tr\/wp-content\/uploads\/2016\/11\/06_skala-kallonis5-130x100.jpg\" alt=\"06_skala-kallonis5\" width=\"130\" height=\"100\" \/><span class=\"su-custom-gallery-title\">06_skala-kallonis5<\/span><\/a><\/div><div class=\"su-custom-gallery-slide\" style=\"width:130px;height:100px\"><a href=\"https:\/\/www.aphroditehotel.gr\/tr\/wp-content\/uploads\/2016\/11\/06_skala-kallonis6.jpg\" title=\"06_skala-kallonis6\"><img loading=\"lazy\" decoding=\"async\" src=\"https:\/\/www.aphroditehotel.gr\/tr\/wp-content\/uploads\/2016\/11\/06_skala-kallonis6-130x100.jpg\" alt=\"06_skala-kallonis6\" width=\"130\" height=\"100\" \/><span class=\"su-custom-gallery-title\">06_skala-kallonis6<\/span><\/a><\/div><div class=\"su-custom-gallery-slide\" style=\"width:130px;height:100px\"><a href=\"https:\/\/www.aphroditehotel.gr\/tr\/wp-content\/uploads\/2016\/11\/06_skala-plateia.jpg\" title=\"06_skala-plateia\"><img loading=\"lazy\" decoding=\"async\" src=\"https:\/\/www.aphroditehotel.gr\/tr\/wp-content\/uploads\/2016\/11\/06_skala-plateia-130x100.jpg\" alt=\"06_skala-plateia\" width=\"130\" height=\"100\" \/><span class=\"su-custom-gallery-title\">06_skala-plateia<\/span><\/a><\/div><div class=\"su-custom-gallery-slide\" style=\"width:130px;height:100px\"><a href=\"https:\/\/www.aphroditehotel.gr\/tr\/wp-content\/uploads\/2016\/11\/10_myrsiniotissa0.jpg\" title=\"10_myrsiniotissa0\"><img loading=\"lazy\" decoding=\"async\" src=\"https:\/\/www.aphroditehotel.gr\/tr\/wp-content\/uploads\/2016\/11\/10_myrsiniotissa0-130x100.jpg\" alt=\"10_myrsiniotissa0\" width=\"130\" height=\"100\" \/><span class=\"su-custom-gallery-title\">10_myrsiniotissa0<\/span><\/a><\/div><div class=\"su-custom-gallery-slide\" style=\"width:130px;height:100px\"><a href=\"https:\/\/www.aphroditehotel.gr\/tr\/wp-content\/uploads\/2016\/11\/10_myrsiniotissa1.jpg\" title=\"10_myrsiniotissa1\"><img loading=\"lazy\" decoding=\"async\" src=\"https:\/\/www.aphroditehotel.gr\/tr\/wp-content\/uploads\/2016\/11\/10_myrsiniotissa1-130x100.jpg\" alt=\"10_myrsiniotissa1\" width=\"130\" height=\"100\" \/><span class=\"su-custom-gallery-title\">10_myrsiniotissa1<\/span><\/a><\/div><div class=\"su-custom-gallery-slide\" style=\"width:130px;height:100px\"><a href=\"https:\/\/www.aphroditehotel.gr\/tr\/wp-content\/uploads\/2016\/11\/10_myrsiniotissa2.jpg\" title=\"10_myrsiniotissa2\"><img loading=\"lazy\" decoding=\"async\" src=\"https:\/\/www.aphroditehotel.gr\/tr\/wp-content\/uploads\/2016\/11\/10_myrsiniotissa2-130x100.jpg\" alt=\"10_myrsiniotissa2\" width=\"130\" height=\"100\" \/><span class=\"su-custom-gallery-title\">10_myrsiniotissa2<\/span><\/a><\/div><div class=\"su-clear\"><\/div><\/div>[\/vc_column_text][\/vc_column][\/vc_row]\n<\/div>","protected":false},"excerpt":{"rendered":"<p>[vc_row][vc_column width=&#8221;1\/2&#8243;][vc_column_text] Lesvos\u2019u ke\u015ffe \u00e7\u0131kan ziyaret\u00e7i adan\u0131n orta b\u00f6lgesindeki g\u00fczel \u00e7am ormanlar\u0131ndan da ge\u00e7ecek. Daha sonra Kaloni ve yaz\u0131n \u00fcnl\u00fc sardalya \u015fenliklerinin d\u00fczenlendi\u011fi kumluk Skala Kaloni sahiline varacak. Ayn\u0131 b\u00f6lgede g\u00f6\u00e7men ku\u015flar\u0131n u\u011frak yeri olan koruma alt\u0131ndaki batakl\u0131k da bir ba\u015fka ilgi alan\u0131 bir\u00e7ok ziyaret\u00e7i i\u00e7in. Kaloni \u00e7evresinde eski \u201cMeson\u201d tap\u0131na\u011f\u0131, antik \u201cKlopedi\u201d tap\u0131na\u011f\u0131 ve &#8230;<\/p>\n","protected":false},"author":1,"featured_media":0,"parent":0,"menu_order":0,"comment_status":"closed","ping_status":"closed","template":"","meta":{"footnotes":""},"class_list":["post-605","page","type-page","status-publish","hentry"],"_links":{"self":[{"href":"https:\/\/www.aphroditehotel.gr\/tr\/wp-json\/wp\/v2\/pages\/605","targetHints":{"allow":["GET"]}}],"collection":[{"href":"https:\/\/www.aphroditehotel.gr\/tr\/wp-json\/wp\/v2\/pages"}],"about":[{"href":"https:\/\/www.aphroditehotel.gr\/tr\/wp-json\/wp\/v2\/types\/page"}],"author":[{"embeddable":true,"href":"https:\/\/www.aphroditehotel.gr\/tr\/wp-json\/wp\/v2\/users\/1"}],"replies":[{"embeddable":true,"href":"https:\/\/www.aphroditehotel.gr\/tr\/wp-json\/wp\/v2\/comments?post=605"}],"version-history":[{"count":1,"href":"https:\/\/www.aphroditehotel.gr\/tr\/wp-json\/wp\/v2\/pages\/605\/revisions"}],"predecessor-version":[{"id":630,"href":"https:\/\/www.aphroditehotel.gr\/tr\/wp-json\/wp\/v2\/pages\/605\/revisions\/630"}],"wp:attachment":[{"href":"https:\/\/www.aphroditehotel.gr\/tr\/wp-json\/wp\/v2\/media?parent=605"}],"curies":[{"name":"wp","href":"https:\/\/api.w.org\/{rel}","templated":true}]}}