{"id":312,"date":"2016-07-07T16:03:41","date_gmt":"2016-07-07T16:03:41","guid":{"rendered":"http:\/\/new.aphroditehotel.gr\/tr\/?page_id=312"},"modified":"2017-01-16T22:57:06","modified_gmt":"2017-01-16T20:57:06","slug":"%cf%80%ce%b1%cf%81%ce%b1%ce%bb%ce%b9%ce%b1%ce%ba%ce%b7-%cf%84%ce%b1%ce%b2%ce%b5%cf%81%ce%bd%ce%b1","status":"publish","type":"page","link":"https:\/\/www.aphroditehotel.gr\/tr\/%cf%80%ce%b1%cf%81%ce%b1%ce%bb%ce%b9%ce%b1%ce%ba%ce%b7-%cf%84%ce%b1%ce%b2%ce%b5%cf%81%ce%bd%ce%b1\/","title":{"rendered":"SAH\u0130L RESTORAN"},"content":{"rendered":"<div class=\"wpb-content-wrapper\">[vc_row][vc_column width=&#8221;1\/4&#8243;][vc_video link=&#8221;https:\/\/www.youtube.com\/watch?v=mDea9XcyDMs&amp;t=1s&#8221;][vc_column_text]Otelimizin taverna \u2013lokanta denize s\u0131f\u0131r konumundad\u0131r.[\/vc_column_text][\/vc_column][vc_column width=&#8221;2\/3&#8243;][vc_column_text]<div class=\"su-custom-gallery su-custom-gallery-align-left su-custom-gallery-title-never su-lightbox-gallery\"><div class=\"su-custom-gallery-slide\" style=\"width:150px;height:90px\"><a href=\"https:\/\/www.aphroditehotel.gr\/tr\/wp-content\/uploads\/2016\/07\/beach-tavern-01.jpg\" title=\"beach-tavern-01\"><img loading=\"lazy\" decoding=\"async\" src=\"https:\/\/www.aphroditehotel.gr\/tr\/wp-content\/uploads\/2016\/07\/beach-tavern-01-150x90.jpg\" alt=\"beach-tavern-01\" width=\"150\" height=\"90\" \/><span class=\"su-custom-gallery-title\">beach-tavern-01<\/span><\/a><\/div><div class=\"su-custom-gallery-slide\" style=\"width:150px;height:90px\"><a href=\"https:\/\/www.aphroditehotel.gr\/tr\/wp-content\/uploads\/2016\/07\/beach-tavern-02.jpg\" title=\"beach-tavern-02\"><img loading=\"lazy\" decoding=\"async\" src=\"https:\/\/www.aphroditehotel.gr\/tr\/wp-content\/uploads\/2016\/07\/beach-tavern-02-150x90.jpg\" alt=\"beach-tavern-02\" width=\"150\" height=\"90\" \/><span class=\"su-custom-gallery-title\">beach-tavern-02<\/span><\/a><\/div><div class=\"su-custom-gallery-slide\" style=\"width:150px;height:90px\"><a href=\"https:\/\/www.aphroditehotel.gr\/tr\/wp-content\/uploads\/2016\/07\/beach-tavern-03.jpg\" title=\"beach-tavern-03\"><img loading=\"lazy\" decoding=\"async\" src=\"https:\/\/www.aphroditehotel.gr\/tr\/wp-content\/uploads\/2016\/07\/beach-tavern-03-150x90.jpg\" alt=\"beach-tavern-03\" width=\"150\" height=\"90\" \/><span class=\"su-custom-gallery-title\">beach-tavern-03<\/span><\/a><\/div><div class=\"su-custom-gallery-slide\" style=\"width:150px;height:90px\"><a href=\"https:\/\/www.aphroditehotel.gr\/tr\/wp-content\/uploads\/2016\/07\/beach-tavern-04.jpg\" title=\"beach-tavern-04\"><img loading=\"lazy\" decoding=\"async\" src=\"https:\/\/www.aphroditehotel.gr\/tr\/wp-content\/uploads\/2016\/07\/beach-tavern-04-150x90.jpg\" alt=\"beach-tavern-04\" width=\"150\" height=\"90\" \/><span class=\"su-custom-gallery-title\">beach-tavern-04<\/span><\/a><\/div><div class=\"su-custom-gallery-slide\" style=\"width:150px;height:90px\"><a href=\"https:\/\/www.aphroditehotel.gr\/tr\/wp-content\/uploads\/2016\/07\/beach-tavern-05.jpg\" title=\"beach-tavern-05\"><img loading=\"lazy\" decoding=\"async\" src=\"https:\/\/www.aphroditehotel.gr\/tr\/wp-content\/uploads\/2016\/07\/beach-tavern-05-150x90.jpg\" alt=\"beach-tavern-05\" width=\"150\" height=\"90\" \/><span class=\"su-custom-gallery-title\">beach-tavern-05<\/span><\/a><\/div><div class=\"su-custom-gallery-slide\" style=\"width:150px;height:90px\"><a href=\"https:\/\/www.aphroditehotel.gr\/tr\/wp-content\/uploads\/2016\/07\/beach-tavern-06.jpg\" title=\"OLYMPUS DIGITAL CAMERA\"><img loading=\"lazy\" decoding=\"async\" src=\"https:\/\/www.aphroditehotel.gr\/tr\/wp-content\/uploads\/2016\/07\/beach-tavern-06-150x90.jpg\" alt=\"OLYMPUS DIGITAL CAMERA\" width=\"150\" height=\"90\" \/><span class=\"su-custom-gallery-title\">OLYMPUS DIGITAL CAMERA<\/span><\/a><\/div><div class=\"su-custom-gallery-slide\" style=\"width:150px;height:90px\"><a href=\"https:\/\/www.aphroditehotel.gr\/tr\/wp-content\/uploads\/2016\/07\/beach-tavern-07.jpg\" title=\"OLYMPUS DIGITAL CAMERA\"><img loading=\"lazy\" decoding=\"async\" src=\"https:\/\/www.aphroditehotel.gr\/tr\/wp-content\/uploads\/2016\/07\/beach-tavern-07-150x90.jpg\" alt=\"OLYMPUS DIGITAL CAMERA\" width=\"150\" height=\"90\" \/><span class=\"su-custom-gallery-title\">OLYMPUS DIGITAL CAMERA<\/span><\/a><\/div><div class=\"su-custom-gallery-slide\" style=\"width:150px;height:90px\"><a href=\"https:\/\/www.aphroditehotel.gr\/tr\/wp-content\/uploads\/2016\/07\/beach-tavern-08.jpg\" title=\"OLYMPUS DIGITAL CAMERA\"><img loading=\"lazy\" decoding=\"async\" src=\"https:\/\/www.aphroditehotel.gr\/tr\/wp-content\/uploads\/2016\/07\/beach-tavern-08-150x90.jpg\" alt=\"OLYMPUS DIGITAL CAMERA\" width=\"150\" height=\"90\" \/><span class=\"su-custom-gallery-title\">OLYMPUS DIGITAL CAMERA<\/span><\/a><\/div><div class=\"su-custom-gallery-slide\" style=\"width:150px;height:90px\"><a href=\"https:\/\/www.aphroditehotel.gr\/tr\/wp-content\/uploads\/2016\/07\/beach-tavern-09.jpg\" title=\"OLYMPUS DIGITAL CAMERA\"><img loading=\"lazy\" decoding=\"async\" src=\"https:\/\/www.aphroditehotel.gr\/tr\/wp-content\/uploads\/2016\/07\/beach-tavern-09-150x90.jpg\" alt=\"OLYMPUS DIGITAL CAMERA\" width=\"150\" height=\"90\" \/><span class=\"su-custom-gallery-title\">OLYMPUS DIGITAL CAMERA<\/span><\/a><\/div><div class=\"su-custom-gallery-slide\" style=\"width:150px;height:90px\"><a href=\"https:\/\/www.aphroditehotel.gr\/tr\/wp-content\/uploads\/2016\/07\/beach-tavern-10.jpg\" title=\"OLYMPUS DIGITAL CAMERA\"><img loading=\"lazy\" decoding=\"async\" src=\"https:\/\/www.aphroditehotel.gr\/tr\/wp-content\/uploads\/2016\/07\/beach-tavern-10-150x90.jpg\" alt=\"OLYMPUS DIGITAL CAMERA\" width=\"150\" height=\"90\" \/><span class=\"su-custom-gallery-title\">OLYMPUS DIGITAL CAMERA<\/span><\/a><\/div><div class=\"su-custom-gallery-slide\" style=\"width:150px;height:90px\"><a href=\"https:\/\/www.aphroditehotel.gr\/tr\/wp-content\/uploads\/2016\/07\/beach-tavern-11.jpg\" title=\"OLYMPUS DIGITAL CAMERA\"><img loading=\"lazy\" decoding=\"async\" src=\"https:\/\/www.aphroditehotel.gr\/tr\/wp-content\/uploads\/2016\/07\/beach-tavern-11-150x90.jpg\" alt=\"OLYMPUS DIGITAL CAMERA\" width=\"150\" height=\"90\" \/><span class=\"su-custom-gallery-title\">OLYMPUS DIGITAL CAMERA<\/span><\/a><\/div><div class=\"su-custom-gallery-slide\" style=\"width:150px;height:90px\"><a href=\"https:\/\/www.aphroditehotel.gr\/tr\/wp-content\/uploads\/2016\/07\/beach-tavern-12.jpg\" title=\"OLYMPUS DIGITAL CAMERA\"><img loading=\"lazy\" decoding=\"async\" src=\"https:\/\/www.aphroditehotel.gr\/tr\/wp-content\/uploads\/2016\/07\/beach-tavern-12-150x90.jpg\" alt=\"OLYMPUS DIGITAL CAMERA\" width=\"150\" height=\"90\" \/><span class=\"su-custom-gallery-title\">OLYMPUS DIGITAL CAMERA<\/span><\/a><\/div><div class=\"su-custom-gallery-slide\" style=\"width:150px;height:90px\"><a href=\"https:\/\/www.aphroditehotel.gr\/tr\/wp-content\/uploads\/2016\/07\/beach-tavern-13.jpg\" title=\"OLYMPUS DIGITAL CAMERA\"><img loading=\"lazy\" decoding=\"async\" src=\"https:\/\/www.aphroditehotel.gr\/tr\/wp-content\/uploads\/2016\/07\/beach-tavern-13-150x90.jpg\" alt=\"OLYMPUS DIGITAL CAMERA\" width=\"150\" height=\"90\" \/><span class=\"su-custom-gallery-title\">OLYMPUS DIGITAL CAMERA<\/span><\/a><\/div><div class=\"su-custom-gallery-slide\" style=\"width:150px;height:90px\"><a href=\"https:\/\/www.aphroditehotel.gr\/tr\/wp-content\/uploads\/2016\/07\/beach-tavern-14.jpg\" title=\"beach-tavern-14\"><img loading=\"lazy\" decoding=\"async\" src=\"https:\/\/www.aphroditehotel.gr\/tr\/wp-content\/uploads\/2016\/07\/beach-tavern-14-150x90.jpg\" alt=\"beach-tavern-14\" width=\"150\" height=\"90\" \/><span class=\"su-custom-gallery-title\">beach-tavern-14<\/span><\/a><\/div><div class=\"su-custom-gallery-slide\" style=\"width:150px;height:90px\"><a href=\"https:\/\/www.aphroditehotel.gr\/tr\/wp-content\/uploads\/2016\/07\/beach-tavern-15.jpg\" title=\"beach-tavern-15\"><img loading=\"lazy\" decoding=\"async\" src=\"https:\/\/www.aphroditehotel.gr\/tr\/wp-content\/uploads\/2016\/07\/beach-tavern-15-150x90.jpg\" alt=\"beach-tavern-15\" width=\"150\" height=\"90\" \/><span class=\"su-custom-gallery-title\">beach-tavern-15<\/span><\/a><\/div><div class=\"su-custom-gallery-slide\" style=\"width:150px;height:90px\"><a href=\"https:\/\/www.aphroditehotel.gr\/tr\/wp-content\/uploads\/2016\/07\/beach-tavern-16.jpg\" title=\"OLYMPUS DIGITAL CAMERA\"><img loading=\"lazy\" decoding=\"async\" src=\"https:\/\/www.aphroditehotel.gr\/tr\/wp-content\/uploads\/2016\/07\/beach-tavern-16-150x90.jpg\" alt=\"OLYMPUS DIGITAL CAMERA\" width=\"150\" height=\"90\" \/><span class=\"su-custom-gallery-title\">OLYMPUS DIGITAL CAMERA<\/span><\/a><\/div><div class=\"su-custom-gallery-slide\" style=\"width:150px;height:90px\"><a href=\"https:\/\/www.aphroditehotel.gr\/tr\/wp-content\/uploads\/2016\/07\/beach-tavern-17.jpg\" title=\"OLYMPUS DIGITAL CAMERA\"><img loading=\"lazy\" decoding=\"async\" src=\"https:\/\/www.aphroditehotel.gr\/tr\/wp-content\/uploads\/2016\/07\/beach-tavern-17-150x90.jpg\" alt=\"OLYMPUS DIGITAL CAMERA\" width=\"150\" height=\"90\" \/><span class=\"su-custom-gallery-title\">OLYMPUS DIGITAL CAMERA<\/span><\/a><\/div><div class=\"su-custom-gallery-slide\" style=\"width:150px;height:90px\"><a href=\"https:\/\/www.aphroditehotel.gr\/tr\/wp-content\/uploads\/2016\/07\/beach-tavern-18.jpg\" title=\"beach-tavern-18\"><img loading=\"lazy\" decoding=\"async\" src=\"https:\/\/www.aphroditehotel.gr\/tr\/wp-content\/uploads\/2016\/07\/beach-tavern-18-150x90.jpg\" alt=\"beach-tavern-18\" width=\"150\" height=\"90\" \/><span class=\"su-custom-gallery-title\">beach-tavern-18<\/span><\/a><\/div><div class=\"su-custom-gallery-slide\" style=\"width:150px;height:90px\"><a href=\"https:\/\/www.aphroditehotel.gr\/tr\/wp-content\/uploads\/2016\/07\/beach-tavern-19.jpg\" title=\"beach-tavern-19\"><img loading=\"lazy\" decoding=\"async\" src=\"https:\/\/www.aphroditehotel.gr\/tr\/wp-content\/uploads\/2016\/07\/beach-tavern-19-150x90.jpg\" alt=\"beach-tavern-19\" width=\"150\" height=\"90\" \/><span class=\"su-custom-gallery-title\">beach-tavern-19<\/span><\/a><\/div><div class=\"su-custom-gallery-slide\" style=\"width:150px;height:90px\"><a href=\"https:\/\/www.aphroditehotel.gr\/tr\/wp-content\/uploads\/2016\/07\/beach-tavern-20.jpg\" title=\"beach-tavern-20\"><img loading=\"lazy\" decoding=\"async\" src=\"https:\/\/www.aphroditehotel.gr\/tr\/wp-content\/uploads\/2016\/07\/beach-tavern-20-150x90.jpg\" alt=\"beach-tavern-20\" width=\"150\" height=\"90\" \/><span class=\"su-custom-gallery-title\">beach-tavern-20<\/span><\/a><\/div><div class=\"su-custom-gallery-slide\" style=\"width:150px;height:90px\"><a href=\"https:\/\/www.aphroditehotel.gr\/tr\/wp-content\/uploads\/2016\/07\/beach-tavern-21.jpg\" title=\"OLYMPUS DIGITAL CAMERA\"><img loading=\"lazy\" decoding=\"async\" src=\"https:\/\/www.aphroditehotel.gr\/tr\/wp-content\/uploads\/2016\/07\/beach-tavern-21-150x90.jpg\" alt=\"OLYMPUS DIGITAL CAMERA\" width=\"150\" height=\"90\" \/><span class=\"su-custom-gallery-title\">OLYMPUS DIGITAL CAMERA<\/span><\/a><\/div><div class=\"su-custom-gallery-slide\" style=\"width:150px;height:90px\"><a href=\"https:\/\/www.aphroditehotel.gr\/tr\/wp-content\/uploads\/2016\/07\/beach-tavern-22.jpg\" title=\"OLYMPUS DIGITAL CAMERA\"><img loading=\"lazy\" decoding=\"async\" src=\"https:\/\/www.aphroditehotel.gr\/tr\/wp-content\/uploads\/2016\/07\/beach-tavern-22-150x90.jpg\" alt=\"OLYMPUS DIGITAL CAMERA\" width=\"150\" height=\"90\" \/><span class=\"su-custom-gallery-title\">OLYMPUS DIGITAL CAMERA<\/span><\/a><\/div><div class=\"su-custom-gallery-slide\" style=\"width:150px;height:90px\"><a href=\"https:\/\/www.aphroditehotel.gr\/tr\/wp-content\/uploads\/2016\/07\/beach-tavern-23.jpg\" title=\"OLYMPUS DIGITAL CAMERA\"><img loading=\"lazy\" decoding=\"async\" src=\"https:\/\/www.aphroditehotel.gr\/tr\/wp-content\/uploads\/2016\/07\/beach-tavern-23-150x90.jpg\" alt=\"OLYMPUS DIGITAL CAMERA\" width=\"150\" height=\"90\" \/><span class=\"su-custom-gallery-title\">OLYMPUS DIGITAL CAMERA<\/span><\/a><\/div><div class=\"su-custom-gallery-slide\" style=\"width:150px;height:90px\"><a href=\"https:\/\/www.aphroditehotel.gr\/tr\/wp-content\/uploads\/2016\/07\/beach-tavern-24.jpg\" title=\"OLYMPUS DIGITAL CAMERA\"><img loading=\"lazy\" decoding=\"async\" src=\"https:\/\/www.aphroditehotel.gr\/tr\/wp-content\/uploads\/2016\/07\/beach-tavern-24-150x90.jpg\" alt=\"OLYMPUS DIGITAL CAMERA\" width=\"150\" height=\"90\" \/><span class=\"su-custom-gallery-title\">OLYMPUS DIGITAL CAMERA<\/span><\/a><\/div><div class=\"su-custom-gallery-slide\" style=\"width:150px;height:90px\"><a href=\"https:\/\/www.aphroditehotel.gr\/tr\/wp-content\/uploads\/2016\/07\/beach-tavern-25.jpg\" title=\"OLYMPUS DIGITAL CAMERA\"><img loading=\"lazy\" decoding=\"async\" src=\"https:\/\/www.aphroditehotel.gr\/tr\/wp-content\/uploads\/2016\/07\/beach-tavern-25-150x90.jpg\" alt=\"OLYMPUS DIGITAL CAMERA\" width=\"150\" height=\"90\" \/><span class=\"su-custom-gallery-title\">OLYMPUS DIGITAL CAMERA<\/span><\/a><\/div><div class=\"su-custom-gallery-slide\" style=\"width:150px;height:90px\"><a href=\"https:\/\/www.aphroditehotel.gr\/tr\/wp-content\/uploads\/2016\/07\/beach-tavern-26.jpg\" title=\"OLYMPUS DIGITAL CAMERA\"><img loading=\"lazy\" decoding=\"async\" src=\"https:\/\/www.aphroditehotel.gr\/tr\/wp-content\/uploads\/2016\/07\/beach-tavern-26-150x90.jpg\" alt=\"OLYMPUS DIGITAL CAMERA\" width=\"150\" height=\"90\" \/><span class=\"su-custom-gallery-title\">OLYMPUS DIGITAL CAMERA<\/span><\/a><\/div><div class=\"su-clear\"><\/div><\/div>\n[\/vc_column_text][\/vc_column][\/vc_row]\n<\/div>","protected":false},"excerpt":{"rendered":"<p>[vc_row][vc_column width=&#8221;1\/4&#8243;][vc_video link=&#8221;https:\/\/www.youtube.com\/watch?v=mDea9XcyDMs&amp;t=1s&#8221;][vc_column_text]Otelimizin taverna \u2013lokanta denize s\u0131f\u0131r konumundad\u0131r.[\/vc_column_text][\/vc_column][vc_column width=&#8221;2\/3&#8243;][vc_column_text] [\/vc_column_text][\/vc_column][\/vc_row]<\/p>\n","protected":false},"author":1,"featured_media":0,"parent":0,"menu_order":0,"comment_status":"closed","ping_status":"closed","template":"","meta":{"footnotes":""},"class_list":["post-312","page","type-page","status-publish","hentry"],"_links":{"self":[{"href":"https:\/\/www.aphroditehotel.gr\/tr\/wp-json\/wp\/v2\/pages\/312","targetHints":{"allow":["GET"]}}],"collection":[{"href":"https:\/\/www.aphroditehotel.gr\/tr\/wp-json\/wp\/v2\/pages"}],"about":[{"href":"https:\/\/www.aphroditehotel.gr\/tr\/wp-json\/wp\/v2\/types\/page"}],"author":[{"embeddable":true,"href":"https:\/\/www.aphroditehotel.gr\/tr\/wp-json\/wp\/v2\/users\/1"}],"replies":[{"embeddable":true,"href":"https:\/\/www.aphroditehotel.gr\/tr\/wp-json\/wp\/v2\/comments?post=312"}],"version-history":[{"count":4,"href":"https:\/\/www.aphroditehotel.gr\/tr\/wp-json\/wp\/v2\/pages\/312\/revisions"}],"predecessor-version":[{"id":732,"href":"https:\/\/www.aphroditehotel.gr\/tr\/wp-json\/wp\/v2\/pages\/312\/revisions\/732"}],"wp:attachment":[{"href":"https:\/\/www.aphroditehotel.gr\/tr\/wp-json\/wp\/v2\/media?parent=312"}],"curies":[{"name":"wp","href":"https:\/\/api.w.org\/{rel}","templated":true}]}}