{"id":260,"date":"2016-07-07T15:40:38","date_gmt":"2016-07-07T15:40:38","guid":{"rendered":"http:\/\/new.aphroditehotel.gr\/tr\/?page_id=260"},"modified":"2017-01-22T19:25:38","modified_gmt":"2017-01-22T17:25:38","slug":"%ce%b8%ce%b5%cf%81%ce%bc%ce%b1-%ce%bb%ce%bf%cf%85%cf%84%cf%81%ce%b1-%cf%80%ce%bf%ce%bb%cf%85%cf%87%ce%bd%ce%b9%cf%84%ce%bf%cf%85","status":"publish","type":"page","link":"https:\/\/www.aphroditehotel.gr\/tr\/%ce%b8%ce%b5%cf%81%ce%bc%ce%b1-%ce%bb%ce%bf%cf%85%cf%84%cf%81%ce%b1-%cf%80%ce%bf%ce%bb%cf%85%cf%87%ce%bd%ce%b9%cf%84%ce%bf%cf%85\/","title":{"rendered":"POLIHNITOS KAPLICALARI"},"content":{"rendered":"<div class=\"wpb-content-wrapper\">[vc_row][vc_column width=&#8221;1\/2&#8243;][vc_column_text]\n<p style=\"text-align: justify;\">Kapl\u0131calar Avrupa&#8217;da s\u0131cak yaylar biri Polihnitou, toplam 16 yaylar\u0131n olu\u015fuyordu. S\u0131cakl\u0131k nedenle bir\u00e7ok ziyaret\u00e7i, 80 ila 92 santigrat derece ve cilt ko\u015fullar\u0131 ve romatizma i\u00e7in uygundur. \u00d6nemli termal \u00f6zellikleri de belirli cilt hastal\u0131klar\u0131 i\u00e7in uygun hale k\u00fck\u00fcrt, fakt\u00f6r vard\u0131r Lisvori yaylar\u0131 var. S\u0131cakl\u0131k 69 santigrat derece vard\u0131r ula\u015f\u0131r.<\/p>\n[\/vc_column_text][\/vc_column][vc_column width=&#8221;1\/2&#8243;][vc_video link=&#8221;https:\/\/www.youtube.com\/watch?v=ENlTTSsXiAE&#8221;][vc_column_text]<div class=\"su-custom-gallery su-custom-gallery-align-left su-custom-gallery-title-never su-lightbox-gallery\"><div class=\"su-custom-gallery-slide\" style=\"width:230px;height:140px\"><a href=\"https:\/\/www.aphroditehotel.gr\/tr\/wp-content\/uploads\/2016\/07\/hot-springs-01.jpg\" title=\"hot-springs-01\"><img loading=\"lazy\" decoding=\"async\" src=\"https:\/\/www.aphroditehotel.gr\/tr\/wp-content\/uploads\/2016\/07\/hot-springs-01-230x140.jpg\" alt=\"hot-springs-01\" width=\"230\" height=\"140\" \/><span class=\"su-custom-gallery-title\">hot-springs-01<\/span><\/a><\/div><div class=\"su-custom-gallery-slide\" style=\"width:230px;height:140px\"><a href=\"https:\/\/www.aphroditehotel.gr\/tr\/wp-content\/uploads\/2016\/07\/hot-springs-02.jpg\" title=\"hot-springs-02\"><img loading=\"lazy\" decoding=\"async\" src=\"https:\/\/www.aphroditehotel.gr\/tr\/wp-content\/uploads\/2016\/07\/hot-springs-02-230x140.jpg\" alt=\"hot-springs-02\" width=\"230\" height=\"140\" \/><span class=\"su-custom-gallery-title\">hot-springs-02<\/span><\/a><\/div><div class=\"su-custom-gallery-slide\" style=\"width:230px;height:140px\"><a href=\"https:\/\/www.aphroditehotel.gr\/tr\/wp-content\/uploads\/2016\/07\/hot-springs-03.jpg\" title=\"hot-springs-03\"><img loading=\"lazy\" decoding=\"async\" src=\"https:\/\/www.aphroditehotel.gr\/tr\/wp-content\/uploads\/2016\/07\/hot-springs-03-230x140.jpg\" alt=\"hot-springs-03\" width=\"230\" height=\"140\" \/><span class=\"su-custom-gallery-title\">hot-springs-03<\/span><\/a><\/div><div class=\"su-custom-gallery-slide\" style=\"width:230px;height:140px\"><a href=\"https:\/\/www.aphroditehotel.gr\/tr\/wp-content\/uploads\/2016\/07\/hot-springs-04.jpg\" title=\"hot-springs-04\"><img loading=\"lazy\" decoding=\"async\" src=\"https:\/\/www.aphroditehotel.gr\/tr\/wp-content\/uploads\/2016\/07\/hot-springs-04-230x140.jpg\" alt=\"hot-springs-04\" width=\"230\" height=\"140\" \/><span class=\"su-custom-gallery-title\">hot-springs-04<\/span><\/a><\/div><div class=\"su-custom-gallery-slide\" style=\"width:230px;height:140px\"><a href=\"https:\/\/www.aphroditehotel.gr\/tr\/wp-content\/uploads\/2016\/07\/hot-springs-05.jpg\" title=\"hot-springs-05\"><img loading=\"lazy\" decoding=\"async\" src=\"https:\/\/www.aphroditehotel.gr\/tr\/wp-content\/uploads\/2016\/07\/hot-springs-05-230x140.jpg\" alt=\"hot-springs-05\" width=\"230\" height=\"140\" \/><span class=\"su-custom-gallery-title\">hot-springs-05<\/span><\/a><\/div><div class=\"su-custom-gallery-slide\" style=\"width:230px;height:140px\"><a href=\"https:\/\/www.aphroditehotel.gr\/tr\/wp-content\/uploads\/2016\/07\/hot-springs-06.jpg\" title=\"hot-springs-06\"><img loading=\"lazy\" decoding=\"async\" src=\"https:\/\/www.aphroditehotel.gr\/tr\/wp-content\/uploads\/2016\/07\/hot-springs-06-230x140.jpg\" alt=\"hot-springs-06\" width=\"230\" height=\"140\" \/><span class=\"su-custom-gallery-title\">hot-springs-06<\/span><\/a><\/div><div class=\"su-custom-gallery-slide\" style=\"width:230px;height:140px\"><a href=\"https:\/\/www.aphroditehotel.gr\/tr\/wp-content\/uploads\/2016\/07\/hot-springs-07.jpg\" title=\"hot-springs-07\"><img loading=\"lazy\" decoding=\"async\" src=\"https:\/\/www.aphroditehotel.gr\/tr\/wp-content\/uploads\/2016\/07\/hot-springs-07-230x140.jpg\" alt=\"hot-springs-07\" width=\"230\" height=\"140\" \/><span class=\"su-custom-gallery-title\">hot-springs-07<\/span><\/a><\/div><div class=\"su-custom-gallery-slide\" style=\"width:230px;height:140px\"><a href=\"https:\/\/www.aphroditehotel.gr\/tr\/wp-content\/uploads\/2016\/07\/hot-springs-08.jpg\" title=\"hot-springs-08\"><img loading=\"lazy\" decoding=\"async\" src=\"https:\/\/www.aphroditehotel.gr\/tr\/wp-content\/uploads\/2016\/07\/hot-springs-08-230x140.jpg\" alt=\"hot-springs-08\" width=\"230\" height=\"140\" \/><span class=\"su-custom-gallery-title\">hot-springs-08<\/span><\/a><\/div><div class=\"su-custom-gallery-slide\" style=\"width:230px;height:140px\"><a href=\"https:\/\/www.aphroditehotel.gr\/tr\/wp-content\/uploads\/2016\/07\/hot-springs-09.jpg\" title=\"OLYMPUS DIGITAL CAMERA\"><img loading=\"lazy\" decoding=\"async\" src=\"https:\/\/www.aphroditehotel.gr\/tr\/wp-content\/uploads\/2016\/07\/hot-springs-09-230x140.jpg\" alt=\"OLYMPUS DIGITAL CAMERA\" width=\"230\" height=\"140\" \/><span class=\"su-custom-gallery-title\">OLYMPUS DIGITAL CAMERA<\/span><\/a><\/div><div class=\"su-custom-gallery-slide\" style=\"width:230px;height:140px\"><a href=\"https:\/\/www.aphroditehotel.gr\/tr\/wp-content\/uploads\/2016\/07\/hot-springs-10.jpg\" title=\"OLYMPUS DIGITAL CAMERA\"><img loading=\"lazy\" decoding=\"async\" src=\"https:\/\/www.aphroditehotel.gr\/tr\/wp-content\/uploads\/2016\/07\/hot-springs-10-230x140.jpg\" alt=\"OLYMPUS DIGITAL CAMERA\" width=\"230\" height=\"140\" \/><span class=\"su-custom-gallery-title\">OLYMPUS DIGITAL CAMERA<\/span><\/a><\/div><div class=\"su-custom-gallery-slide\" style=\"width:230px;height:140px\"><a href=\"https:\/\/www.aphroditehotel.gr\/tr\/wp-content\/uploads\/2016\/07\/hot-springs-11.jpg\" title=\"hot-springs-11\"><img loading=\"lazy\" decoding=\"async\" src=\"https:\/\/www.aphroditehotel.gr\/tr\/wp-content\/uploads\/2016\/07\/hot-springs-11-230x140.jpg\" alt=\"hot-springs-11\" width=\"230\" height=\"140\" \/><span class=\"su-custom-gallery-title\">hot-springs-11<\/span><\/a><\/div><div class=\"su-clear\"><\/div><\/div>\n[\/vc_column_text][\/vc_column][\/vc_row]\n<\/div>","protected":false},"excerpt":{"rendered":"<p>[vc_row][vc_column width=&#8221;1\/2&#8243;][vc_column_text] Kapl\u0131calar Avrupa&#8217;da s\u0131cak yaylar biri Polihnitou, toplam 16 yaylar\u0131n olu\u015fuyordu. S\u0131cakl\u0131k nedenle bir\u00e7ok ziyaret\u00e7i, 80 ila 92 santigrat derece ve cilt ko\u015fullar\u0131 ve romatizma i\u00e7in uygundur. \u00d6nemli termal \u00f6zellikleri de belirli cilt hastal\u0131klar\u0131 i\u00e7in uygun hale k\u00fck\u00fcrt, fakt\u00f6r vard\u0131r Lisvori yaylar\u0131 var. S\u0131cakl\u0131k 69 santigrat derece vard\u0131r ula\u015f\u0131r. [\/vc_column_text][\/vc_column][vc_column width=&#8221;1\/2&#8243;][vc_video link=&#8221;https:\/\/www.youtube.com\/watch?v=ENlTTSsXiAE&#8221;][vc_column_text] [\/vc_column_text][\/vc_column][\/vc_row]<\/p>\n","protected":false},"author":1,"featured_media":0,"parent":0,"menu_order":0,"comment_status":"closed","ping_status":"closed","template":"","meta":{"footnotes":""},"class_list":["post-260","page","type-page","status-publish","hentry"],"_links":{"self":[{"href":"https:\/\/www.aphroditehotel.gr\/tr\/wp-json\/wp\/v2\/pages\/260","targetHints":{"allow":["GET"]}}],"collection":[{"href":"https:\/\/www.aphroditehotel.gr\/tr\/wp-json\/wp\/v2\/pages"}],"about":[{"href":"https:\/\/www.aphroditehotel.gr\/tr\/wp-json\/wp\/v2\/types\/page"}],"author":[{"embeddable":true,"href":"https:\/\/www.aphroditehotel.gr\/tr\/wp-json\/wp\/v2\/users\/1"}],"replies":[{"embeddable":true,"href":"https:\/\/www.aphroditehotel.gr\/tr\/wp-json\/wp\/v2\/comments?post=260"}],"version-history":[{"count":4,"href":"https:\/\/www.aphroditehotel.gr\/tr\/wp-json\/wp\/v2\/pages\/260\/revisions"}],"predecessor-version":[{"id":739,"href":"https:\/\/www.aphroditehotel.gr\/tr\/wp-json\/wp\/v2\/pages\/260\/revisions\/739"}],"wp:attachment":[{"href":"https:\/\/www.aphroditehotel.gr\/tr\/wp-json\/wp\/v2\/media?parent=260"}],"curies":[{"name":"wp","href":"https:\/\/api.w.org\/{rel}","templated":true}]}}